{"id":718,"date":"2022-03-03T17:21:28","date_gmt":"2022-03-03T16:21:28","guid":{"rendered":"https:\/\/www.alessandriatornalcentro.it\/privacy\/"},"modified":"2022-03-03T17:21:28","modified_gmt":"2022-03-03T16:21:28","slug":"privacy","status":"publish","type":"page","link":"https:\/\/www.alessandriatornalcentro.it\/en\/privacy\/","title":{"rendered":"Privacy policy"},"content":{"rendered":"\n<h3 class=\"wp-block-heading\"><strong>Informativa per il trattamento dei dati personal<\/strong>i<\/h3>\n\n\n\n<p>A seguito della consultazione del presente sito possono essere trattati dati relativi a persone identificate o comunque identificabili. Questa pagina descrive le modalit\u00e0 di gestione del sito in riferimento al trattamento dei dati personali degli utenti che \u2013 a qualsiasi titolo \u2013 lo consultino, nel rispetto delle normative vigenti.<\/p>\n\n\n\n<p>A tale proposito,&nbsp;<strong>ETT s.p.a.<\/strong>, in qualit\u00e0 di titolare del trattamento (e denominata nel prosieguo anche pi\u00f9 semplicemente&nbsp;<strong>\u201ctitolare\u201d<\/strong>) informa gli utenti che, ai sensi di quanto disposto dall\u2019art. 13 del d.lgs. 196\/2003 (in seguito,&nbsp;<strong>\u201ccodice privacy\u201d<\/strong>) e dall\u2019art. 13 del Regolamento UE n. 2016\/679 (in seguito,&nbsp;<strong>\u201cGDPR\u201d<\/strong>), i dati saranno trattati con le modalit\u00e0 e per le finalit\u00e0 che seguono.<\/p>\n\n\n\n<p>ETT s.p.a. specifica, inoltre, che la presente informativa \u00e8 resa per il solo sito di ETT e non anche per altri siti web che l\u2019utente dovesse eventualmente consultare ed ai quali abbia accesso per il tramite di link presenti nelle nostre pagine.<\/p>\n\n\n\n<ol>\n<li><strong>Titolare:&nbsp;<\/strong>il titolare del trattamento \u00e8 ETT s.p.a., con sede in Genova, Via Sestri 37, indirizzo email&nbsp;<a href=\"mailto:privacy@ettsolutions.com\" target=\"_blank\" rel=\"noreferrer noopener\">privacy@ettsolutions.com<\/a>, cod. fisc. e P.IVA 03873640100, nella persona Presidente del Consiglio di Amministrazione e legale rappresentante pro tempore.<\/li>\n\n\n\n<li><strong>Oggetto del trattamento:<\/strong>&nbsp;il Titolare tratta i dati personali e identificativi (quali, a titolo esemplificativo e non esaustivo, nome, cognome, ragione sociale, indirizzo, telefono, mail, riferimenti bancari, ecc.), in seguito denominati&nbsp;<strong>\u201cdati personali\u201d&nbsp;<\/strong>o semplicemente&nbsp;<strong>\u201cdati\u201d<\/strong>, comunicati dagli utenti in occasione della registrazione al sito web&nbsp;<a href=\"https:\/\/www.ettsolutions.com\/\">www.ettsolutions.com<\/a>&nbsp;ovvero della conclusione di contratti ovvero ancora della partecipazione a sondaggi di opinione, compilazione di form di iscrizione tramite il presente sito ad eventi organizzati dal Titolare, dalla richiesta on-line di chiarimenti o richieste di supporto o, infine, dall\u2019invio di newsletter.<\/li>\n\n\n\n<li><strong>Finalit\u00e0 di trattamento:<\/strong>\u00a0i dati forniti dagli utenti sono trattati:\n<ul>\n<li>senza il loro consenso espresso (art. 24, lett. a, b, c, codice privacy e art. 6 lett. b ed e GDPR) per le seguenti finalit\u00e0:\n<ul>\n<li>gestione e mantenimento del sito;<\/li>\n\n\n\n<li>fruizione dei servizi eventualmente richiesti dagli utenti;<\/li>\n\n\n\n<li>partecipazione tramite iscrizione on-line ad iniziative o eventi organizzati dal Titolare;<\/li>\n\n\n\n<li>riscontro o protocollazione di una richiesta di contatto;<\/li>\n\n\n\n<li>adempimento agli obblighi previsti dalla legge, da un regolamento, dalla normativa comunitaria o da un ordine o da un provvedimento dell\u2019Autorit\u00e0;<\/li>\n\n\n\n<li>conclusione di contratti per i servizi offerti dal Titolare;<\/li>\n\n\n\n<li>adempimento agli obblighi precontrattuali, contrattuali e fiscali derivanti da rapporti in corso di esecuzione;<\/li>\n\n\n\n<li>esercizio di un diritto del Titolare (come, ad esempio, l\u2019esercizio del diritto di difesa in giudizio).<\/li>\n<\/ul>\n<\/li>\n\n\n\n<li>previo espresso e specifico consenso (artt. 23 e 130 codice privacy e art. 7 GDPR), per le seguenti altre finalit\u00e0:\n<ul>\n<li>invio di materiale informativo (newsletter, brochures, cd-rom, risposte a quesiti, materiale promozionale in generale ed altri documenti tecnici). L\u2019utilizzo di tali dati avverr\u00e0, in ogni caso, al solo fine di eseguire il servizio o la prestazione richiesta.<\/li>\n<\/ul>\n<\/li>\n<\/ul>\n<\/li>\n\n\n\n<li><strong>Modalit\u00e0 di trattamento:&nbsp;<\/strong>il trattamento dei dati forniti dagli utenti \u00e8 realizzato per mezzo delle operazioni indicate all\u2019art. 4 del codice privacy nonch\u00e9 all\u2019art. 4, n. 2 GDPR, e pertanto: raccolta, registrazione, organizzazione, conservazione, consultazione, elaborazione, modificazione, selezione, estrazione, raffronto, utilizzo, interconnessione, blocco, comunicazione, cancellazione e distruzione. I dati personali sono sottoposti a trattamento sia cartaceo che elettronico e\/o automatizzato.<br>Il Titolare tratter\u00e0 i dati personali con strumenti automatizzati ed esclusivamente per il tempo necessario per adempiere alle finalit\u00e0 di cui sopra e comunque per non oltre 10 anni dalla cessazione del rapporto per le finalit\u00e0 determinate dal servizio reso e per non oltre 2 anni dalla raccolta dei dati per altre finalit\u00e0.<br>Sono state adottate specifiche misure di sicurezza per prevenire la perdita dei dati, gli usi illeciti o non corretti dei dati stessi nonch\u00e9 gli accessi non autorizzati, in linea con quanto disposto dagli artt. 32-34 codice privacy e dell\u2019art. 32 GDPR.<\/li>\n\n\n\n<li><strong>Accesso ai dati:&nbsp;<\/strong>i dati personali degli utenti potranno essere trattati e quindi resi accessibili, per le sole finalit\u00e0 di cui all\u2019art. 3 della presente informativa, anche dai dipendenti o collaboratori della ETT s.p.a. o delle Societ\u00e0 del gruppo, nella loro qualit\u00e0 di incaricati o responsabili interni del trattamento, ovvero ancora dagli amministratori di sistema.<br>I predetti dati potranno, inoltre, essere trattati e quindi resi accessibili a societ\u00e0 terze o altri soggetti \u2013 quali, a titolo esemplificativo e non esaustivo \u2013 studi professionali, consulenti, fornitori, tecnici addetti all\u2019assistenza hardware e software, istituti di credito, spedizionieri o societ\u00e0 di trasporto, che svolgono attivit\u00e0 in outsourcing per conto di ETT s.p.a., nella loro qualit\u00e0 di responsabili esterni del trattamento.<\/li>\n\n\n\n<li><strong>Comunicazione dei dati:&nbsp;<\/strong>in assenza di espresso consenso, ai sensi dell\u2019art. 6 lett. b) e c) GDPR, ETT s.p.a. comunicher\u00e0 i dati degli utenti a Organismi di Vigilanza, Autorit\u00e0 Giudiziarie o altri soggetti ai quali la comunicazione sia obbligatoria per legge per l\u2019espletamento delle finalit\u00e0 meglio indicate al precedente art. 3, lett. a) della presente informativa. Nessun dato fornito dagli utenti e derivante dal servizio web sar\u00e0 diffuso.<\/li>\n\n\n\n<li><strong>Trasferimento dati:&nbsp;<\/strong>i dati personali degli utenti connessi ai servizi web di questo sito hanno luogo presso la sede di ETT s.p.a., come sopra indicata, e sono curati esclusivamente da personale tecnico dell\u2019ufficio incaricato del trattamento dei medesimi dati ovvero da eventuali incaricati di occasionali e specifiche operazioni di manutenzione.<\/li>\n\n\n\n<li><strong>Tipologia di dati trattati<\/strong>:\n<ul>\n<li><strong>Dati di navigazione<\/strong>: i sistemi informatici e le procedure software preposte al funzionamento di questo sito web acquisiscono, nel corso del loro normale esercizi, alcuni dati personali la cui trasmissione \u00e8 implicita nell\u2019uso dei protocolli di comunicazione internet. Si tratta di informazioni che non sono state raccolte per essere associate ad interessati identificati, ma che per loro stessa natura potrebbero \u2013 attraverso elaborazioni ed associazioni con dati detenuti da terzi \u2013 permettere di identificare gli utenti. In questa categoria di dati rientrano gli indirizzi IP o i nomi a dominio del computer utilizzati dagli utenti che si connettono al sito, gli indirizzi in notazione URI (Uniform Resource Identifier) delle risorse richieste, l\u2019orario della richiesta, il metodo utilizzato nl sottoporre la richiesta al server, la dimensione del file ottenuto in risposta, il codice numerico indicante lo stato della risposta data dal server (buon fine, errore, ecc.) ed altri parametri relativi al sistema operativo e all\u2019ambiente informatico dell\u2019utente. Questi dati vengono utilizzati al solo fine di ricavare informazioni statistiche anonime sull\u2019uso del sito e per controllarne il corretto funzionamento e vengono cancellati immediatamente dopo l\u2019elaborazione. I dati potrebbero essere utilizzati per l\u2019accertamento di responsabilit\u00e0 in caso di ipotetici reati informatici ai danni del sito: salva questa eventualit\u00e0, allo stato i dati sui contatti web non persistono per pi\u00f9 di sette giorni.<\/li>\n\n\n\n<li><strong>Dati forniti volontariamente dagli utenti<\/strong>: l\u2019invio facoltativo, esplicito e volontario di posta elettronica agli indirizzi di posta elettronica indicati su questo sito comporta la successiva acquisizione dell\u2019indirizzo del mittente, necessario per rispondere alle richieste, nonch\u00e9 degli eventuali altri dati personali inseriti nella missiva.<\/li>\n\n\n\n<li><strong>Cookies<\/strong>: in questo sito \u00e8 adottata un\u2019analisi statistica per migliorare l\u2019esperienza del navigatore da parte di un soggetto terzo quale Google Analytics (<a href=\"http:\/\/www.google.com\/analytics\/\" target=\"_blank\" rel=\"noreferrer noopener\">www.google.com\/analytics\/<\/a>, un servizio di statistiche per siti web e blog). Il servizio utilizza i performance cookie per raccogliere dati degli utenti, come per esempio il tempo trascorso su una pagina, il motore di ricerca che ha permesso il reindirizzamento al sito ettsolutions.com, il Paese di destinazione dell\u2019utente, il tempo di permanenza sulle varie pagine, ecc. Gli utenti, quindi, navigando su questo sito, accettano la presente informativa.<br>I cookie di sessione sono generalmente essenziali per poter distinguere tra gli utenti collegati e sono utili per evitare che una funzionalit\u00e0 richiesta possa essere fornita all\u2019utente sbagliato, oltre che per fini di sicurezza tesi ad impedire attacchi informatici al sito. I cookie di sessione non contengono dati personali e durano per la sola sessione in corso, ovvero fino alla chiusura del browser.<br>Per maggiori informazioni si invitano gli utenti del sito a visitare la&nbsp;<a href=\"https:\/\/ettsolutions.com\/cookie-policy\/\">pagina dell\u2019informativa sui cookie<\/a><\/li>\n<\/ul>\n<\/li>\n\n\n\n<li><strong>Natura del conferimento:&nbsp;<\/strong>il conferimento dei dati per le finalit\u00e0 indicate al precedente art. 3 a) \u00e8 obbligatorio; in loro assenza, non sarebbe possibile per ETT s.p.a. garantire i servizi ivi indicati e richiesti dagli utenti.<br>Il conferimento dei dati per le finalit\u00e0 di cui all\u2019art. 3 b) \u00e8 invece facoltativo; gli utenti possono quindi decidere di non conferire alcun dato ovvero di negare, in un momento successivo, la possibilit\u00e0 di trattare dati gi\u00e0 forniti. In tal caso, gli utenti non potranno ricevere newsletter, comunicazioni commerciali o materiali pubblicitario relativo ai servizi offerti dal titolare. In ogni caso, operata questa scelta, agli utenti sar\u00e0 garantito il diritto a ricevere i servizi di cui all\u2019art. 3 a).<\/li>\n\n\n\n<li><strong>Diritti dell\u2019interessato:&nbsp;<\/strong>gli utenti, nella loro qualit\u00e0 di interessati, hanno i diritti indicati all\u2019art. 7 codice privacy e all\u2019art. 15 GDPR, e pi\u00f9 precisamente hanno diritto di:\n<ol>\n<li>ottenere la conferma dell\u2019esistenza o meno di dati personali che li riguardano, anche se non ancora registrati, e di ricevere la loro comunicazione in forma intelligibile;<\/li>\n\n\n\n<li>ottenere l\u2019indicazione: a) dell\u2019origine dei dati personali; b) delle finalit\u00e0 e delle modalit\u00e0 di trattamento; c) della logica applicata in caso di trattamento effettuato con l\u2019ausilio di strumenti elettronici; d) degli estremi identificativi del titolare, dei responsabili e del responsabile designato ai sensi dell\u2019art. e, c. 2, codice privacy e dell\u2019art. 3, c. 1, GDPR; e) dei soggetti o delle categorie di soggetti ai quali i dati personali possono essere comunicati o che possono venirne a conoscenza in qualit\u00e0 di rappresentante designato nel territorio dello Stato, di responsabili o di incaricati;<\/li>\n\n\n\n<li>ottenere: a) l\u2019aggiornamento, la rettificazione ovvero, quando vi \u00e8 interesse, l\u2019integrazione dei dati; b) la cancellazione, la trasformazione in forma anonima o il blocco dei dati trattati in violazione della legge, compresi quelli di cui non \u00e8 necessaria la conservazione in relazione agli scopi per i quali i dati sono stati raccolti o successivamente trattati; c) l\u2019attestazione che le operazioni di cui alle lettere a) e b) sono state portate a conoscenza, anche per quanto riguarda il loro contenuto, di coloro ai quali i dati sono stati comunicati o diffusi, eccettuato il caso in cui tale adempimento si riveli impossibile o comporti un impiego di mezzi manifestamente sproporzionato rispetto al diritto tutelato;<\/li>\n\n\n\n<li>opporsi, in tutto o in parte: a) per motivi legittimi, al trattamento dei dati che li riguardano, ancorch\u00e8 pertinenti allo scopo della raccolta; b) al trattamento dei dati che li riguardano ai fini di invio di materiale pubblicitario o di vendita diretta o per il compimento di ricerche di mercato o di comunicazione commerciale.Ove applicabili, gli utenti hanno altres\u00ec i diritti di cui agli artt. 16-21 GDPR (diritto di rettifica, diritto all\u2019oblio, diritto di limitazione del trattamento, diritto alla portabilit\u00e0 dei dati, diritto di opposizione), da intendersi qui integralmente richiamati e trascritti, nonch\u00e9 il diritto di proporre reclamo all\u2019Autorit\u00e0 Garante (<a href=\"http:\/\/eur-lex.europa.eu\/legal-content\/IT\/TXT\/?uri=uriserv:OJ.L_.2016.119.01.0001.01.ITA&amp;toc=OJ:L:2016:119:TOC\" target=\"_blank\" rel=\"noreferrer noopener\">http:\/\/eur-lex.europa.eu\/legal-content\/IT\/TXT\/?uri=uriserv:OJ.L_.2016.119.01.0001.01.ITA&amp;toc=OJ:L:2016:119:TOC<\/a>)<\/li>\n<\/ol>\n<\/li>\n\n\n\n<li><strong>Modalit\u00e0 di esercizio dei diritti:&nbsp;<\/strong>gli utenti possono esercitare in qualsiasi momenti i diritti indicati al punto precedente, inviando: una raccomandata a.r. alla sede di ETT s.p.a., Via Sestri 37 \u2013 16154 Genova; ovvero una comunicazione a mezzo pec all\u2019indirizzo:&nbsp;<a href=\"mailto:ett.srl@legalmail.it\">ett.srl@legalmail.it<\/a><\/li>\n\n\n\n<li><strong>Titolare, responsabile e incaricati:<\/strong>&nbsp;Il Titolare del trattamento \u00e8 ETT s.p.a., con sede legale in Genova, Via Sestri 37. Responsabile della Protezione dei Dati (RDP) \u00e8 il Dott. Marco Zucchini (indirizzo mail&nbsp;<a href=\"mailto:dpo@ettsolutions.com\" target=\"_blank\" rel=\"noreferrer noopener\">dpo@ettsolutions.com<\/a>). L\u2019elenco aggiornato dei responsabili e degli incaricati al trattamento \u00e8 custodito presso la sede legale del Titolare del trattamento stesso.<\/li>\n\n\n\n<li><strong>Modifiche alla presente informativa:&nbsp;<\/strong>poich\u00e9 la presente informativa potr\u00e0 essere soggetta a variazioni, ETT s.p.a. consiglia agli utenti di controllare regolarmente questa informativa e di riferirsi sempre alla versione pi\u00f9 aggiornata.<\/li>\n<\/ol>\n","protected":false},"excerpt":{"rendered":"<p>Informativa per il trattamento dei dati personali A seguito della consultazione del presente sito possono essere trattati dati relativi a persone identificate o comunque identificabili. Questa pagina descrive le modalit\u00e0...<\/p>\n","protected":false},"author":1,"featured_media":0,"parent":0,"menu_order":0,"comment_status":"closed","ping_status":"open","template":"","meta":{"_acf_changed":false,"footnotes":""},"acf":[],"yoast_head":"<!-- This site is optimized with the Yoast SEO plugin v23.5 - https:\/\/yoast.com\/wordpress\/plugins\/seo\/ -->\n<title>Privacy policy - alessandria torna al centro<\/title>\n<meta name=\"robots\" content=\"index, follow, max-snippet:-1, max-image-preview:large, max-video-preview:-1\" \/>\n<link rel=\"canonical\" href=\"https:\/\/www.alessandriatornalcentro.it\/en\/privacy\/\" \/>\n<meta property=\"og:locale\" content=\"en_US\" \/>\n<meta property=\"og:type\" content=\"article\" \/>\n<meta property=\"og:title\" content=\"Privacy policy - alessandria torna al centro\" \/>\n<meta property=\"og:description\" content=\"Informativa per il trattamento dei dati personali A seguito della consultazione del presente sito possono essere trattati dati relativi a persone identificate o comunque identificabili. Questa pagina descrive le modalit\u00e0...\" \/>\n<meta property=\"og:url\" content=\"https:\/\/www.alessandriatornalcentro.it\/en\/privacy\/\" \/>\n<meta property=\"og:site_name\" content=\"alessandria torna al centro\" \/>\n<meta name=\"twitter:card\" content=\"summary_large_image\" \/>\n<meta name=\"twitter:label1\" content=\"Est. reading time\" \/>\n\t<meta name=\"twitter:data1\" content=\"10 minutes\" \/>\n<script type=\"application\/ld+json\" class=\"yoast-schema-graph\">{\"@context\":\"https:\/\/schema.org\",\"@graph\":[{\"@type\":\"WebPage\",\"@id\":\"https:\/\/www.alessandriatornalcentro.it\/en\/privacy\/\",\"url\":\"https:\/\/www.alessandriatornalcentro.it\/en\/privacy\/\",\"name\":\"Privacy policy - alessandria torna al centro\",\"isPartOf\":{\"@id\":\"https:\/\/www.alessandriatornalcentro.it\/en\/#website\"},\"datePublished\":\"2022-03-03T16:21:28+00:00\",\"dateModified\":\"2022-03-03T16:21:28+00:00\",\"breadcrumb\":{\"@id\":\"https:\/\/www.alessandriatornalcentro.it\/en\/privacy\/#breadcrumb\"},\"inLanguage\":\"en-US\",\"potentialAction\":[{\"@type\":\"ReadAction\",\"target\":[\"https:\/\/www.alessandriatornalcentro.it\/en\/privacy\/\"]}]},{\"@type\":\"BreadcrumbList\",\"@id\":\"https:\/\/www.alessandriatornalcentro.it\/en\/privacy\/#breadcrumb\",\"itemListElement\":[{\"@type\":\"ListItem\",\"position\":1,\"name\":\"Home\",\"item\":\"https:\/\/www.alessandriatornalcentro.it\/en\/\"},{\"@type\":\"ListItem\",\"position\":2,\"name\":\"Privacy policy\"}]},{\"@type\":\"WebSite\",\"@id\":\"https:\/\/www.alessandriatornalcentro.it\/en\/#website\",\"url\":\"https:\/\/www.alessandriatornalcentro.it\/en\/\",\"name\":\"alessandria torna al centro\",\"description\":\"\",\"potentialAction\":[{\"@type\":\"SearchAction\",\"target\":{\"@type\":\"EntryPoint\",\"urlTemplate\":\"https:\/\/www.alessandriatornalcentro.it\/en\/?s={search_term_string}\"},\"query-input\":{\"@type\":\"PropertyValueSpecification\",\"valueRequired\":true,\"valueName\":\"search_term_string\"}}],\"inLanguage\":\"en-US\"}]}<\/script>\n<!-- \/ Yoast SEO plugin. -->","yoast_head_json":{"title":"Privacy policy - alessandria torna al centro","robots":{"index":"index","follow":"follow","max-snippet":"max-snippet:-1","max-image-preview":"max-image-preview:large","max-video-preview":"max-video-preview:-1"},"canonical":"https:\/\/www.alessandriatornalcentro.it\/en\/privacy\/","og_locale":"en_US","og_type":"article","og_title":"Privacy policy - alessandria torna al centro","og_description":"Informativa per il trattamento dei dati personali A seguito della consultazione del presente sito possono essere trattati dati relativi a persone identificate o comunque identificabili. Questa pagina descrive le modalit\u00e0...","og_url":"https:\/\/www.alessandriatornalcentro.it\/en\/privacy\/","og_site_name":"alessandria torna al centro","twitter_card":"summary_large_image","twitter_misc":{"Est. reading time":"10 minutes"},"schema":{"@context":"https:\/\/schema.org","@graph":[{"@type":"WebPage","@id":"https:\/\/www.alessandriatornalcentro.it\/en\/privacy\/","url":"https:\/\/www.alessandriatornalcentro.it\/en\/privacy\/","name":"Privacy policy - alessandria torna al centro","isPartOf":{"@id":"https:\/\/www.alessandriatornalcentro.it\/en\/#website"},"datePublished":"2022-03-03T16:21:28+00:00","dateModified":"2022-03-03T16:21:28+00:00","breadcrumb":{"@id":"https:\/\/www.alessandriatornalcentro.it\/en\/privacy\/#breadcrumb"},"inLanguage":"en-US","potentialAction":[{"@type":"ReadAction","target":["https:\/\/www.alessandriatornalcentro.it\/en\/privacy\/"]}]},{"@type":"BreadcrumbList","@id":"https:\/\/www.alessandriatornalcentro.it\/en\/privacy\/#breadcrumb","itemListElement":[{"@type":"ListItem","position":1,"name":"Home","item":"https:\/\/www.alessandriatornalcentro.it\/en\/"},{"@type":"ListItem","position":2,"name":"Privacy policy"}]},{"@type":"WebSite","@id":"https:\/\/www.alessandriatornalcentro.it\/en\/#website","url":"https:\/\/www.alessandriatornalcentro.it\/en\/","name":"alessandria torna al centro","description":"","potentialAction":[{"@type":"SearchAction","target":{"@type":"EntryPoint","urlTemplate":"https:\/\/www.alessandriatornalcentro.it\/en\/?s={search_term_string}"},"query-input":{"@type":"PropertyValueSpecification","valueRequired":true,"valueName":"search_term_string"}}],"inLanguage":"en-US"}]}},"_links":{"self":[{"href":"https:\/\/www.alessandriatornalcentro.it\/en\/wp-json\/wp\/v2\/pages\/718"}],"collection":[{"href":"https:\/\/www.alessandriatornalcentro.it\/en\/wp-json\/wp\/v2\/pages"}],"about":[{"href":"https:\/\/www.alessandriatornalcentro.it\/en\/wp-json\/wp\/v2\/types\/page"}],"author":[{"embeddable":true,"href":"https:\/\/www.alessandriatornalcentro.it\/en\/wp-json\/wp\/v2\/users\/1"}],"replies":[{"embeddable":true,"href":"https:\/\/www.alessandriatornalcentro.it\/en\/wp-json\/wp\/v2\/comments?post=718"}],"version-history":[{"count":0,"href":"https:\/\/www.alessandriatornalcentro.it\/en\/wp-json\/wp\/v2\/pages\/718\/revisions"}],"wp:attachment":[{"href":"https:\/\/www.alessandriatornalcentro.it\/en\/wp-json\/wp\/v2\/media?parent=718"}],"curies":[{"name":"wp","href":"https:\/\/api.w.org\/{rel}","templated":true}]}}